{"id":2278,"date":"2024-10-22T07:14:14","date_gmt":"2024-10-22T07:14:14","guid":{"rendered":"https:\/\/belafrica.co\/?page_id=2278"},"modified":"2024-11-29T10:46:21","modified_gmt":"2024-11-29T10:46:21","slug":"bassejny","status":"publish","type":"page","link":"https:\/\/belafrica.co\/fr\/gidroizolyacziya\/bassejny\/","title":{"rendered":"Piscines"},"content":{"rendered":"<p>Nous fournissons des services d\u2019imperm\u00e9abilisation de piscine en utilisant des mat\u00e9riaux sp\u00e9cialis\u00e9s pouvant r\u00e9sister \u00e0 une exposition prolong\u00e9e \u00e0 l\u2019eau. Notre imperm\u00e9abilisation pr\u00e9vient les fuites et assure la durabilit\u00e9 structurelle, rendant votre piscine s\u00fbre et confortable \u00e0 utiliser. L\u2019imperm\u00e9abilisation des piscines est essentielle pour \u00e9viter les fuites d\u2019eau.<\/p>\n<h3>Ce que nous proposons<\/h3>\n<ol>\n<li><strong>\u00c9valuation de l&#039;\u00e9tat structurel<br \/>\n<\/strong>R\u00e9aliser une analyse d\u00e9taill\u00e9e de la structure en b\u00e9ton de la piscine pour identifier les zones probl\u00e9matiques et d\u00e9terminer les mesures n\u00e9cessaires.<\/li>\n<\/ol>\n<ol start=\"2\">\n<li><strong>S\u00e9lection de mat\u00e9riaux<br \/>\n<\/strong>En fonction de l&#039;\u00e9tat du b\u00e9ton et des d\u00e9fauts identifi\u00e9s lors de l&#039;\u00e9valuation de la structure, nous s\u00e9lectionnons les mat\u00e9riaux adapt\u00e9s des syst\u00e8mes Penetron et Ceresit qui offriront une protection fiable contre les fuites.<\/li>\n<\/ol>\n<ol start=\"3\">\n<li><strong>\u00c9limination des contaminants<\/strong><br \/>\nNettoyer le b\u00e9ton de la poussi\u00e8re, de la salet\u00e9, de la graisse, de la peinture, des huiles et autres contaminants. Cela se fait \u00e0 l\u2019aide d\u2019un jet d\u2019eau \u00e0 haute pression et d\u2019un nettoyage m\u00e9canique. La surface doit \u00eatre durable et propre.<\/li>\n<li><strong>R\u00e9paration des d\u00e9fauts<\/strong><br \/>\nRemplissez les fissures et les nids-de-poule avec les m\u00e9langes de r\u00e9paration Penetron pour cr\u00e9er une surface lisse et durable.<\/li>\n<li><strong>Hydratation<\/strong><br \/>\nLa surface doit \u00eatre humide avant l&#039;application, mais sans eau stagnante.<\/li>\n<\/ol>\n<ol start=\"4\">\n<li><strong>Installation de syst\u00e8mes d&#039;\u00e9tanch\u00e9it\u00e9<br \/>\n<\/strong>Application professionnelle de Ceresit CR 166 et Ceresit CL 152, en tenant compte de tous les processus technologiques et du soin suppl\u00e9mentaire du rev\u00eatement.<\/li>\n<\/ol>\n<h3><strong>Avantages du syst\u00e8me Penetron et <\/strong><strong>C\u00e9r\u00e9sit<\/strong><\/h3>\n<p><strong>\u25aa Haute r\u00e9sistance \u00e0 l&#039;eau<\/strong>: Ceresit CR 166 offre une protection fiable contre la p\u00e9n\u00e9tration de l&#039;eau, ce qui est essentiel pour les piscines constamment expos\u00e9es \u00e0 l&#039;eau.<br \/>\n<strong>\u25aa Imperm\u00e9abilisation sous pression<\/strong>: Le mat\u00e9riau peut r\u00e9sister \u00e0 la pression de l\u2019eau, ce qui le rend adapt\u00e9 aux piscines profondes et grandes.<br \/>\n<strong>\u25aa \u00c9lasticit\u00e9 : <\/strong>Le CR 166 reste \u00e9lastique m\u00eame apr\u00e8s s\u00e9chage, ce qui lui permet de r\u00e9sister aux petits mouvements ou retraits de la structure sans se fissurer.<br \/>\n<strong>\u25aa R\u00e9sistance aux microfissures<\/strong>: le mat\u00e9riau est capable de combler les microfissures du b\u00e9ton, \u00e9vitant ainsi d&#039;\u00e9ventuelles fuites.<br \/>\n<strong>\u25aa Durabilit\u00e9 et r\u00e9sistance aux produits chimiques<\/strong>: Ceresit CR 166 r\u00e9siste au chlore et aux autres produits chimiques couramment utilis\u00e9s dans les piscines, contribuant ainsi \u00e0 prolonger la dur\u00e9e de vie de l&#039;imperm\u00e9abilisation.<br \/>\n<strong>\u25aa Protection UV<\/strong>: Le mat\u00e9riau r\u00e9siste \u00e0 la lumi\u00e8re du soleil, emp\u00eachant sa destruction et pr\u00e9servant l&#039;int\u00e9grit\u00e9 du rev\u00eatement.<br \/>\n<strong>\u25aa Excellente adh\u00e9rence au sol<\/strong>: Ceresit CR 166 poss\u00e8de une excellente adh\u00e9rence sur divers types de mat\u00e9riaux de construction, notamment le b\u00e9ton et la brique, offrant un rev\u00eatement durable et fiable.<br \/>\n<strong>\u25aa Respect de l&#039;environnement<\/strong>: Ceresit CR 166 ne contient pas de composants nocifs pour la sant\u00e9, ce qui le rend sans danger pour une utilisation dans les structures destin\u00e9es au contact avec l&#039;eau.<\/p>\n<p>Usage <strong>C\u00e9r\u00e9sit CR 166<\/strong> pour l&#039;imperm\u00e9abilisation des piscines offre une protection \u00e0 long terme, une facilit\u00e9 d&#039;application et une r\u00e9sistance aux conditions d&#039;exploitation agressives. Ces avantages en font l\u2019une des meilleures solutions pour cr\u00e9er une couche imperm\u00e9able fiable dans les piscines et autres r\u00e9servoirs d\u2019eau.<br \/>\nL&#039;imperm\u00e9abilisation de piscine est un investissement dans la s\u00e9curit\u00e9 et la long\u00e9vit\u00e9 de votre piscine. Contactez-nous pour des conseils professionnels et une \u00e9valuation de l\u2019\u00e9tat de votre piscine. Nous pouvons vous aider \u00e0 choisir la meilleure solution d\u2019\u00e9tanch\u00e9it\u00e9, garantissant ainsi un fonctionnement fiable et efficace de vos syst\u00e8mes.<\/p>","protected":false},"excerpt":{"rendered":"<p>Nous fournissons des services d\u2019imperm\u00e9abilisation de piscine en utilisant des mat\u00e9riaux sp\u00e9cialis\u00e9s qui peuvent r\u00e9sister \u00e0 une exposition \u00e0 long terme \u00e0 l\u2019eau. Notre imperm\u00e9abilisation pr\u00e9vient les fuites et<\/p>","protected":false},"author":1,"featured_media":3161,"parent":2411,"menu_order":0,"comment_status":"closed","ping_status":"closed","template":"","meta":{"_acf_changed":false,"footnotes":""},"class_list":["post-2278","page","type-page","status-publish","has-post-thumbnail","hentry"],"acf":[],"_links":{"self":[{"href":"https:\/\/belafrica.co\/fr\/wp-json\/wp\/v2\/pages\/2278","targetHints":{"allow":["GET"]}}],"collection":[{"href":"https:\/\/belafrica.co\/fr\/wp-json\/wp\/v2\/pages"}],"about":[{"href":"https:\/\/belafrica.co\/fr\/wp-json\/wp\/v2\/types\/page"}],"author":[{"embeddable":true,"href":"https:\/\/belafrica.co\/fr\/wp-json\/wp\/v2\/users\/1"}],"replies":[{"embeddable":true,"href":"https:\/\/belafrica.co\/fr\/wp-json\/wp\/v2\/comments?post=2278"}],"version-history":[{"count":40,"href":"https:\/\/belafrica.co\/fr\/wp-json\/wp\/v2\/pages\/2278\/revisions"}],"predecessor-version":[{"id":3141,"href":"https:\/\/belafrica.co\/fr\/wp-json\/wp\/v2\/pages\/2278\/revisions\/3141"}],"up":[{"embeddable":true,"href":"https:\/\/belafrica.co\/fr\/wp-json\/wp\/v2\/pages\/2411"}],"wp:featuredmedia":[{"embeddable":true,"href":"https:\/\/belafrica.co\/fr\/wp-json\/wp\/v2\/media\/3161"}],"wp:attachment":[{"href":"https:\/\/belafrica.co\/fr\/wp-json\/wp\/v2\/media?parent=2278"}],"curies":[{"name":"wp","href":"https:\/\/api.w.org\/{rel}","templated":true}]}}